{"id":395,"date":"2011-06-17T12:15:06","date_gmt":"2011-06-17T12:15:06","guid":{"rendered":"http:\/\/www.illustra-azione.org\/?page_id=395"},"modified":"2026-02-25T17:54:01","modified_gmt":"2026-02-25T17:54:01","slug":"pagina-principale","status":"publish","type":"page","link":"https:\/\/www.illustra-azione.org\/","title":{"rendered":"home"},"content":{"rendered":"\t\t<div data-elementor-type=\"wp-page\" data-elementor-id=\"395\" class=\"elementor elementor-395\">\n\t\t\t\t\t\t<section class=\"elementor-section elementor-top-section elementor-element elementor-element-14b31246 elementor-section-boxed elementor-section-height-default elementor-section-height-default\" data-id=\"14b31246\" data-element_type=\"section\" data-e-type=\"section\">\n\t\t\t\t\t\t<div class=\"elementor-container elementor-column-gap-default\">\n\t\t\t\t\t<div class=\"elementor-column elementor-col-100 elementor-top-column elementor-element elementor-element-7bcb0d28\" data-id=\"7bcb0d28\" data-element_type=\"column\" data-e-type=\"column\">\n\t\t\t<div class=\"elementor-widget-wrap elementor-element-populated\">\n\t\t\t\t\t\t<div class=\"elementor-element elementor-element-76f0f95c elementor-widget elementor-widget-text-editor\" data-id=\"76f0f95c\" data-element_type=\"widget\" data-e-type=\"widget\" data-widget_type=\"text-editor.default\">\n\t\t\t\t<div class=\"elementor-widget-container\">\n\t\t\t\t\t\t\t\t\t<p><\/p>\n<figure class=\"wp-block-image alignfull size-large is-style-default animated fadeIn delay-200ms\"><img decoding=\"async\" src=\"https:\/\/www.illustra-azione.org\/wp-content\/uploads\/2020\/01\/lena-homepage-1024x298.jpg\" alt=\"\" \/><\/figure>\n<p><\/p>\n<h4>\u00a0<\/h4>\n<h5 style=\"text-align: center;\"><span style=\"color: #33cccc;\">illustra-azione is about the activities of Paola Mini, a sensitive and creative being\u00a0 &#8211; Yoga, painting, illustration, graphic design, writing, eco libertarian activism and more<\/span><\/h5>\n<h5 style=\"text-align: center;\"><span style=\"color: #33cccc;\"><\/span><\/h5>\n<h5 style=\"text-align: center;\"><span style=\"color: #33cccc;\">illustra-azione riguarda le attivit\u00e0 di Paola Mini, un essere sensibile e creativo &#8211; Yoga, pittura, illustrazione, grafica, scrittura, attivismo eco libertario e altro<\/span><\/h5>\n<h5 style=\"text-align: center;\"><span style=\"color: #33cccc;\">illustra-azione trata sobre las actividades de Paola Mini, un ser sensible y creativo: Yoga, pintura, ilustraci\u00f3n, gr\u00e1ficos, escritura, activismo ecolibertario y m\u00e1s<\/span><\/h5>\n<p><\/p>\t\t\t\t\t\t\t\t<\/div>\n\t\t\t\t<\/div>\n\t\t\t\t\t<\/div>\n\t\t<\/div>\n\t\t\t\t\t<\/div>\n\t\t<\/section>\n\t\t\t\t<\/div>\n\t\t","protected":false},"excerpt":{"rendered":"<p>\u00a0 illustra-azione is about the activities of Paola Mini, a sensitive and creative being\u00a0 &#8211; Yoga, painting, illustration, graphic design, writing, eco libertarian activism and more illustra-azione riguarda le attivit\u00e0 di Paola Mini, un essere sensibile e creativo &#8211; Yoga, pittura, illustrazione, grafica, scrittura, attivismo eco libertario e altro illustra-azione trata sobre las actividades de&hellip;&nbsp;<a href=\"https:\/\/www.illustra-azione.org\/\" rel=\"bookmark\">Read More &raquo;<span class=\"screen-reader-text\">home<\/span><\/a><\/p>\n","protected":false},"author":2,"featured_media":0,"parent":0,"menu_order":1,"comment_status":"closed","ping_status":"closed","template":"","meta":{"neve_meta_sidebar":"","neve_meta_container":"","neve_meta_enable_content_width":"","neve_meta_content_width":0,"neve_meta_title_alignment":"","neve_meta_author_avatar":"","neve_post_elements_order":"","neve_meta_disable_header":"","neve_meta_disable_footer":"","neve_meta_disable_title":"","ngg_post_thumbnail":0,"footnotes":""},"class_list":["post-395","page","type-page","status-publish","hentry"],"_links":{"self":[{"href":"https:\/\/www.illustra-azione.org\/index.php?rest_route=\/wp\/v2\/pages\/395","targetHints":{"allow":["GET"]}}],"collection":[{"href":"https:\/\/www.illustra-azione.org\/index.php?rest_route=\/wp\/v2\/pages"}],"about":[{"href":"https:\/\/www.illustra-azione.org\/index.php?rest_route=\/wp\/v2\/types\/page"}],"author":[{"embeddable":true,"href":"https:\/\/www.illustra-azione.org\/index.php?rest_route=\/wp\/v2\/users\/2"}],"replies":[{"embeddable":true,"href":"https:\/\/www.illustra-azione.org\/index.php?rest_route=%2Fwp%2Fv2%2Fcomments&post=395"}],"version-history":[{"count":109,"href":"https:\/\/www.illustra-azione.org\/index.php?rest_route=\/wp\/v2\/pages\/395\/revisions"}],"predecessor-version":[{"id":3579,"href":"https:\/\/www.illustra-azione.org\/index.php?rest_route=\/wp\/v2\/pages\/395\/revisions\/3579"}],"wp:attachment":[{"href":"https:\/\/www.illustra-azione.org\/index.php?rest_route=%2Fwp%2Fv2%2Fmedia&parent=395"}],"curies":[{"name":"wp","href":"https:\/\/api.w.org\/{rel}","templated":true}]}}