{"id":92,"date":"2011-01-10T13:39:08","date_gmt":"2011-01-10T13:39:08","guid":{"rendered":"http:\/\/www.illustra-azione.org\/?page_id=92"},"modified":"2026-03-12T23:34:16","modified_gmt":"2026-03-12T23:34:16","slug":"underground","status":"publish","type":"page","link":"https:\/\/www.illustra-azione.org\/?page_id=92","title":{"rendered":"activism"},"content":{"rendered":"<div style=\"text-align: center; width: 100%;\"><br>\r\n<p>&nbsp;<\/p>\r\n<h3>&nbsp;<\/h3>\r\n<h3><span style=\"color: #31b0b0;\">&#8220;Oltre al desiderio di produrre cose belle, la passione principale della mia vita \u00e8 stata ed \u00e8 l&#8217;odio per la civilt\u00e0 moderna&#8221;<\/span><\/h3>\r\n<h3 style=\"text-align: center;\"><span style=\"color: #31b0b0;\">&#8220;Apart from the desire to produce beautiful things, the leading passion of my life has been and is hatred of modern civilization&#8221;<\/span><\/h3>\r\n<h3 style=\"text-align: center;\"><span style=\"color: #31b0b0;\"><!-- \/wp:post-content -->\r\n\r\n<!-- wp:heading {\"textAlign\":\"center\",\"level\":4} --><\/span><\/h3>\r\n<h3 style=\"text-align: center;\"><em><span style=\"color: #31b0b0;\">(William Morris, 1894)<\/span><\/em><\/h3>\r\n<p>&nbsp;<\/p>\r\n<h2><span style=\"color: #b06493;\">COVERS &#8211; ILLUSTRATIONS &#8211; POSTERS<\/span><\/h2>\r\n<!-- \/wp:heading -->\r\n\r\n<!-- wp:paragraph -->\r\n<div style=\"display: flex; justify-content: center; width: 100%;\">ngg_shortcode_0_placeholder<\/div>\r\n<!-- wp:heading {\"textAlign\":\"center\",\"level\":4} -->\r\n<h2 style=\"text-align: center;\"><span style=\"color: #b06493;\">INFORMATION &#8211; INFORMAZIONE<\/span><\/h2>\r\n<!-- \/wp:heading -->\r\n\r\n<!-- wp:heading {\"textAlign\":\"center\",\"level\":3,\"textColor\":\"neve-link-hover-color\"} -->\r\n<h3 style=\"text-align: center;\"><a href=\"https:\/\/lanavedeifolli.noblogs.org\" target=\"_blank\" rel=\"noreferrer noopener\">LA NAVE DEI FOLLI<\/a><\/h3>\r\n<!-- \/wp:heading -->\r\n<p style=\"text-align: center;\"><span style=\"color: #999999;\"><em>(clicca sull&#8217;immagine per info)<\/em><\/span><\/p>\r\n<p style=\"text-align: center;\"><a href=\"https:\/\/lanavedeifolli.noblogs.org\"><img fetchpriority=\"high\" decoding=\"async\" class=\"aligncenter size-full wp-image-3636\" src=\"https:\/\/www.illustra-azione.org\/wp-content\/uploads\/2026\/03\/Logo-trasparenza-verde_500x500.gif\" alt=\"Ascoltaci, ti servir\u00e0: vedrai!\" width=\"500\" height=\"500\"><\/a><\/p>\r\n<!-- wp:heading {\"textAlign\":\"center\",\"level\":4,\"textColor\":\"neve-link-hover-color\"} -->\r\n<h4 style=\"text-align: center;\"><a href=\"https:\/\/lanavedeifolli.noblogs.org\" target=\"_blank\" rel=\"noreferrer noopener\">link alla nostra trasmissione di critica radicale alla societ\u00e0 cibernetica<\/a><\/h4>\r\n<p>&nbsp;<\/p>\r\n<h2 style=\"text-align: center;\"><span style=\"color: #b06493;\">PUBBLICAZIONI<\/span><\/h2>\r\n<h3 style=\"text-align: center;\"><span style=\"color: #31b0b0;\">Gruppo Oblomoff \u2013 \u00c9cran Total \u2013 La Nave dei Folli<\/span><\/h3>\r\n<h3 style=\"text-align: center;\"><span style=\"color: #31b0b0;\">UN FUTURO SENZA AVVENIRE<\/span><\/h3>\r\n<p style=\"text-align: center;\"><span style=\"color: #999999;\"><em>(clicca sull&#8217;immagine per info)<\/em><\/span><\/p>\r\n<p style=\"text-align: center;\"><a href=\"https:\/\/nautilus-autoproduzioni.org\/prodotto\/gruppo-oblomoff-ecran-total-la-nave-dei-folli-un-futuro-senza-avvenire-pagine-192\/\"><img decoding=\"async\" class=\"aligncenter wp-image-3746 size-medium\" style=\"display: inline-block;\" src=\"https:\/\/www.illustra-azione.org\/wp-content\/uploads\/2026\/03\/oblomoff-ecrain-total-la-nave-dei-folli-Un-futuro-senza-avvenire-ejpg-384x600.jpg\" alt=\"\" width=\"384\" height=\"600\"><\/a><\/p>\r\n<h3>&nbsp;<\/h3>\r\n<h3 style=\"text-align: center;\"><span style=\"color: #31b0b0;\">Paola Minelli&nbsp;<\/span><\/h3>\r\n<h3 style=\"text-align: center;\"><span style=\"color: #31b0b0;\">SORVEGLIATO MENTALE. <\/span><\/h3>\r\n<h3 style=\"text-align: center;\"><span style=\"color: #31b0b0;\">Effetti collaterali degli psicofarmaci. <\/span><\/h3>\r\n<h4 style=\"text-align: center;\"><em><span style=\"color: #31b0b0;\">Manuale d&#8217;uso (e soprattutto disuso)<\/span><\/em><\/h4>\r\n<p style=\"text-align: center;\"><span style=\"color: #999999;\"><em>(clicca sull&#8217;immagine per info)<\/em><\/span><\/p>\r\n<p style=\"text-align: center;\"><a href=\"https:\/\/nautilus-autoproduzioni.org\/prodotto\/paola-minelli-maria-rosaria-doronzo-sorvegliato-mentale-effetti-collaterali-degli-psicofarmaci-manuale-duso-pagine144\/\"><img decoding=\"async\" class=\"aligncenter wp-image-3747 size-medium\" style=\"display: inline-block;\" src=\"https:\/\/www.illustra-azione.org\/wp-content\/uploads\/2026\/03\/PAOLA-MINELLI-MARIA-ROSARIA-DORONZO-SORVEGLIATO-MENTALE-384x600.jpg\" alt=\"\" width=\"384\" height=\"600\"><\/a><\/p>\r\n<p style=\"text-align: center;\">&nbsp;<\/p>\r\n<p>&nbsp;<\/p>\r\n<!-- \/wp:heading --><\/div>","protected":false},"excerpt":{"rendered":"<p>&nbsp; &nbsp; &#8220;Oltre al desiderio di produrre cose belle, la passione principale della mia vita \u00e8 stata ed \u00e8 l&#8217;odio per la civilt\u00e0 moderna&#8221; &#8220;Apart from the desire to produce beautiful things, the leading passion of my life has been and is hatred of modern civilization&#8221; (William Morris, 1894) &nbsp; COVERS &#8211; ILLUSTRATIONS &#8211; POSTERS&hellip;&nbsp;<a href=\"https:\/\/www.illustra-azione.org\/?page_id=92\" rel=\"bookmark\">Read More &raquo;<span class=\"screen-reader-text\">activism<\/span><\/a><\/p>\n","protected":false},"author":1,"featured_media":0,"parent":0,"menu_order":41,"comment_status":"closed","ping_status":"closed","template":"","meta":{"neve_meta_sidebar":"","neve_meta_container":"","neve_meta_enable_content_width":"on","neve_meta_content_width":100,"neve_meta_title_alignment":"","neve_meta_author_avatar":"","neve_post_elements_order":"","neve_meta_disable_header":"","neve_meta_disable_footer":"","neve_meta_disable_title":"","ngg_post_thumbnail":0,"footnotes":""},"class_list":["post-92","page","type-page","status-publish","hentry"],"_links":{"self":[{"href":"https:\/\/www.illustra-azione.org\/index.php?rest_route=\/wp\/v2\/pages\/92","targetHints":{"allow":["GET"]}}],"collection":[{"href":"https:\/\/www.illustra-azione.org\/index.php?rest_route=\/wp\/v2\/pages"}],"about":[{"href":"https:\/\/www.illustra-azione.org\/index.php?rest_route=\/wp\/v2\/types\/page"}],"author":[{"embeddable":true,"href":"https:\/\/www.illustra-azione.org\/index.php?rest_route=\/wp\/v2\/users\/1"}],"replies":[{"embeddable":true,"href":"https:\/\/www.illustra-azione.org\/index.php?rest_route=%2Fwp%2Fv2%2Fcomments&post=92"}],"version-history":[{"count":47,"href":"https:\/\/www.illustra-azione.org\/index.php?rest_route=\/wp\/v2\/pages\/92\/revisions"}],"predecessor-version":[{"id":3766,"href":"https:\/\/www.illustra-azione.org\/index.php?rest_route=\/wp\/v2\/pages\/92\/revisions\/3766"}],"wp:attachment":[{"href":"https:\/\/www.illustra-azione.org\/index.php?rest_route=%2Fwp%2Fv2%2Fmedia&parent=92"}],"curies":[{"name":"wp","href":"https:\/\/api.w.org\/{rel}","templated":true}]}}